{"id":28,"date":"2026-03-01T19:24:35","date_gmt":"2026-03-01T18:24:35","guid":{"rendered":"http:\/\/elegance-atlantique.fr\/?page_id=28"},"modified":"2026-03-03T11:23:37","modified_gmt":"2026-03-03T10:23:37","slug":"accueil","status":"publish","type":"page","link":"https:\/\/elegance-atlantique.fr\/","title":{"rendered":"Accueil"},"content":{"rendered":"\n<p><\/p>\n\n\n\n<h1 class=\"wp-block-heading alignfull has-text-align-center\">\u00c9l\u00e9gance Atlantique<\/h1>\n\n\n\n<figure class=\"wp-block-image aligncenter size-full is-resized\"><img loading=\"lazy\" decoding=\"async\" width=\"521\" height=\"506\" src=\"http:\/\/elegance-atlantique.fr\/wp-content\/uploads\/2026\/03\/Capture-decran-2026-03-02-184640.jpg\" alt=\"\" class=\"wp-image-118\" style=\"aspect-ratio:1.0297127357909013;width:207px;height:auto\" srcset=\"https:\/\/elegance-atlantique.fr\/wp-content\/uploads\/2026\/03\/Capture-decran-2026-03-02-184640.jpg 521w, https:\/\/elegance-atlantique.fr\/wp-content\/uploads\/2026\/03\/Capture-decran-2026-03-02-184640-300x291.jpg 300w\" sizes=\"auto, (max-width: 521px) 100vw, 521px\" \/><\/figure>\n\n\n\n<p><\/p>\n\n\n\n<p><\/p>\n\n\n\n<p class=\"has-text-align-center\">Bienvenue chez <strong>\u00c9l\u00e9gance Atlantique<\/strong>, votre service de <strong>chauffeur priv\u00e9 haut de gamme<\/strong> sur la <strong>C\u00f4te d&rsquo;Amour<\/strong>. Alliant confort, \u00e9l\u00e9gance et s\u00e9r\u00e9nit\u00e9, je mets \u00e0 votre disposition un <strong>Mercedes Classe V Exclusive<\/strong> pour des trajets inoubliables. Que ce soit pour un transfert, une occasion sp\u00e9ciale, une mise \u00e0 disposition ou un d\u00e9placement professionnel, je vous offre une <strong>exp\u00e9rience sur-mesure<\/strong>, unique et personnalis\u00e9e.<\/p>\n\n\n\n<figure class=\"wp-block-image aligncenter size-full is-resized\"><img loading=\"lazy\" decoding=\"async\" width=\"778\" height=\"133\" src=\"http:\/\/elegance-atlantique.fr\/wp-content\/uploads\/2026\/03\/Capture-decran-2026-03-03-105356.jpg\" alt=\"\" class=\"wp-image-142\" style=\"aspect-ratio:5.850190435886585;width:240px;height:auto\" srcset=\"https:\/\/elegance-atlantique.fr\/wp-content\/uploads\/2026\/03\/Capture-decran-2026-03-03-105356.jpg 778w, https:\/\/elegance-atlantique.fr\/wp-content\/uploads\/2026\/03\/Capture-decran-2026-03-03-105356-300x51.jpg 300w, https:\/\/elegance-atlantique.fr\/wp-content\/uploads\/2026\/03\/Capture-decran-2026-03-03-105356-768x131.jpg 768w\" sizes=\"auto, (max-width: 778px) 100vw, 778px\" \/><\/figure>\n\n\n\n<h3 class=\"wp-block-heading has-text-align-center\"><strong>Votre confiance m\u00e9rite l\u2019excellence !<\/strong><\/h3>\n\n\n\n<p><\/p>\n","protected":false},"excerpt":{"rendered":"<p>\u00c9l\u00e9gance Atlantique Bienvenue chez \u00c9l\u00e9gance Atlantique, votre service de chauffeur priv\u00e9 haut de gamme sur la C\u00f4te d&rsquo;Amour. Alliant confort, [&hellip;]<\/p>\n","protected":false},"author":1,"featured_media":0,"parent":0,"menu_order":0,"comment_status":"closed","ping_status":"closed","template":"","meta":{"site-sidebar-layout":"default","site-content-layout":"","ast-site-content-layout":"normal-width-container","site-content-style":"default","site-sidebar-style":"default","ast-global-header-display":"","ast-banner-title-visibility":"","ast-main-header-display":"","ast-hfb-above-header-display":"","ast-hfb-below-header-display":"","ast-hfb-mobile-header-display":"","site-post-title":"disabled","ast-breadcrumbs-content":"","ast-featured-img":"","footer-sml-layout":"","ast-disable-related-posts":"","theme-transparent-header-meta":"","adv-header-id-meta":"","stick-header-meta":"","header-above-stick-meta":"","header-main-stick-meta":"","header-below-stick-meta":"","astra-migrate-meta-layouts":"default","ast-page-background-enabled":"default","ast-page-background-meta":{"desktop":{"background-color":"var(--ast-global-color-5)","background-image":"","background-repeat":"repeat","background-position":"center center","background-size":"auto","background-attachment":"scroll","background-type":"","background-media":"","overlay-type":"","overlay-color":"","overlay-opacity":"","overlay-gradient":""},"tablet":{"background-color":"","background-image":"","background-repeat":"repeat","background-position":"center center","background-size":"auto","background-attachment":"scroll","background-type":"","background-media":"","overlay-type":"","overlay-color":"","overlay-opacity":"","overlay-gradient":""},"mobile":{"background-color":"","background-image":"","background-repeat":"repeat","background-position":"center center","background-size":"auto","background-attachment":"scroll","background-type":"","background-media":"","overlay-type":"","overlay-color":"","overlay-opacity":"","overlay-gradient":""}},"ast-content-background-meta":{"desktop":{"background-color":"var(--ast-global-color-4)","background-image":"","background-repeat":"repeat","background-position":"center center","background-size":"auto","background-attachment":"scroll","background-type":"","background-media":"","overlay-type":"","overlay-color":"","overlay-opacity":"","overlay-gradient":""},"tablet":{"background-color":"var(--ast-global-color-4)","background-image":"","background-repeat":"repeat","background-position":"center center","background-size":"auto","background-attachment":"scroll","background-type":"","background-media":"","overlay-type":"","overlay-color":"","overlay-opacity":"","overlay-gradient":""},"mobile":{"background-color":"var(--ast-global-color-4)","background-image":"","background-repeat":"repeat","background-position":"center center","background-size":"auto","background-attachment":"scroll","background-type":"","background-media":"","overlay-type":"","overlay-color":"","overlay-opacity":"","overlay-gradient":""}},"footnotes":""},"class_list":["post-28","page","type-page","status-publish","hentry"],"_links":{"self":[{"href":"https:\/\/elegance-atlantique.fr\/index.php?rest_route=\/wp\/v2\/pages\/28","targetHints":{"allow":["GET"]}}],"collection":[{"href":"https:\/\/elegance-atlantique.fr\/index.php?rest_route=\/wp\/v2\/pages"}],"about":[{"href":"https:\/\/elegance-atlantique.fr\/index.php?rest_route=\/wp\/v2\/types\/page"}],"author":[{"embeddable":true,"href":"https:\/\/elegance-atlantique.fr\/index.php?rest_route=\/wp\/v2\/users\/1"}],"replies":[{"embeddable":true,"href":"https:\/\/elegance-atlantique.fr\/index.php?rest_route=%2Fwp%2Fv2%2Fcomments&post=28"}],"version-history":[{"count":54,"href":"https:\/\/elegance-atlantique.fr\/index.php?rest_route=\/wp\/v2\/pages\/28\/revisions"}],"predecessor-version":[{"id":149,"href":"https:\/\/elegance-atlantique.fr\/index.php?rest_route=\/wp\/v2\/pages\/28\/revisions\/149"}],"wp:attachment":[{"href":"https:\/\/elegance-atlantique.fr\/index.php?rest_route=%2Fwp%2Fv2%2Fmedia&parent=28"}],"curies":[{"name":"wp","href":"https:\/\/api.w.org\/{rel}","templated":true}]}}