{"id":93,"date":"2026-03-02T16:39:20","date_gmt":"2026-03-02T15:39:20","guid":{"rendered":"http:\/\/elegance-atlantique.fr\/?page_id=93"},"modified":"2026-03-03T11:52:14","modified_gmt":"2026-03-03T10:52:14","slug":"votre-vehicule","status":"publish","type":"page","link":"https:\/\/elegance-atlantique.fr\/?page_id=93","title":{"rendered":"Votre v\u00e9hicule"},"content":{"rendered":"\n<p><\/p>\n\n\n\n<p><\/p>\n\n\n\n<h2 class=\"wp-block-heading has-text-align-center\"><strong>Mercedes Classe-V Exclusive<\/strong><\/h2>\n\n\n\n<p><\/p>\n\n\n\n<figure class=\"wp-block-image aligncenter size-full is-resized\"><img loading=\"lazy\" decoding=\"async\" width=\"690\" height=\"342\" src=\"http:\/\/elegance-atlantique.fr\/wp-content\/uploads\/2026\/03\/Capture-decran-2026-03-02-120658-2.jpg\" alt=\"\" class=\"wp-image-156\" style=\"width:355px;height:auto\" srcset=\"https:\/\/elegance-atlantique.fr\/wp-content\/uploads\/2026\/03\/Capture-decran-2026-03-02-120658-2.jpg 690w, https:\/\/elegance-atlantique.fr\/wp-content\/uploads\/2026\/03\/Capture-decran-2026-03-02-120658-2-300x149.jpg 300w\" sizes=\"auto, (max-width: 690px) 100vw, 690px\" \/><\/figure>\n\n\n\n<p class=\"has-text-align-center\">Montez \u00e0 bord d\u2019un <strong>Mercedes Classe V Exclusive<\/strong> et d\u00e9couvrez une autre mani\u00e8re de voyager.<\/p>\n\n\n\n<p>D\u00e8s l\u2019ouverture des portes, l\u2019\u00e9l\u00e9gance s\u2019impose. Lignes raffin\u00e9es, finitions soign\u00e9es, espace g\u00e9n\u00e9reux\u2026 tout invite au calme et au confort. Les si\u00e8ges en cuir haut de gamme, l\u2019\u00e9clairage d\u2019ambiance et l\u2019insonorisation remarquable cr\u00e9ent une atmosph\u00e8re feutr\u00e9e, propice \u00e0 la d\u00e9tente ou \u00e0 la concentration.<\/p>\n\n\n\n<p>\u00c0 l\u2019arri\u00e8re, chaque d\u00e9tail est pens\u00e9 pour votre s\u00e9r\u00e9nit\u00e9 : discr\u00e9tion, douceur de conduite, climatisation ind\u00e9pendante et espace confortable pour vos effets personnels.<\/p>\n\n\n\n<p class=\"has-text-align-center\">Plus qu\u2019un simple transport, le Classe V Exclusive vous offre une exp\u00e9rience de voyage premium, o\u00f9 chaque trajet devient un moment privil\u00e9gi\u00e9.<\/p>\n\n\n\n<p><\/p>\n","protected":false},"excerpt":{"rendered":"<p>Mercedes Classe-V Exclusive Montez \u00e0 bord d\u2019un Mercedes Classe V Exclusive et d\u00e9couvrez une autre mani\u00e8re de voyager. D\u00e8s l\u2019ouverture [&hellip;]<\/p>\n","protected":false},"author":1,"featured_media":0,"parent":0,"menu_order":0,"comment_status":"closed","ping_status":"closed","template":"","meta":{"site-sidebar-layout":"default","site-content-layout":"","ast-site-content-layout":"default","site-content-style":"default","site-sidebar-style":"default","ast-global-header-display":"","ast-banner-title-visibility":"","ast-main-header-display":"","ast-hfb-above-header-display":"","ast-hfb-below-header-display":"","ast-hfb-mobile-header-display":"","site-post-title":"disabled","ast-breadcrumbs-content":"","ast-featured-img":"","footer-sml-layout":"","ast-disable-related-posts":"","theme-transparent-header-meta":"","adv-header-id-meta":"","stick-header-meta":"","header-above-stick-meta":"","header-main-stick-meta":"","header-below-stick-meta":"","astra-migrate-meta-layouts":"default","ast-page-background-enabled":"default","ast-page-background-meta":{"desktop":{"background-color":"var(--ast-global-color-5)","background-image":"","background-repeat":"repeat","background-position":"center center","background-size":"auto","background-attachment":"scroll","background-type":"","background-media":"","overlay-type":"","overlay-color":"","overlay-opacity":"","overlay-gradient":""},"tablet":{"background-color":"","background-image":"","background-repeat":"repeat","background-position":"center center","background-size":"auto","background-attachment":"scroll","background-type":"","background-media":"","overlay-type":"","overlay-color":"","overlay-opacity":"","overlay-gradient":""},"mobile":{"background-color":"","background-image":"","background-repeat":"repeat","background-position":"center center","background-size":"auto","background-attachment":"scroll","background-type":"","background-media":"","overlay-type":"","overlay-color":"","overlay-opacity":"","overlay-gradient":""}},"ast-content-background-meta":{"desktop":{"background-color":"var(--ast-global-color-4)","background-image":"","background-repeat":"repeat","background-position":"center center","background-size":"auto","background-attachment":"scroll","background-type":"","background-media":"","overlay-type":"","overlay-color":"","overlay-opacity":"","overlay-gradient":""},"tablet":{"background-color":"var(--ast-global-color-4)","background-image":"","background-repeat":"repeat","background-position":"center center","background-size":"auto","background-attachment":"scroll","background-type":"","background-media":"","overlay-type":"","overlay-color":"","overlay-opacity":"","overlay-gradient":""},"mobile":{"background-color":"var(--ast-global-color-4)","background-image":"","background-repeat":"repeat","background-position":"center center","background-size":"auto","background-attachment":"scroll","background-type":"","background-media":"","overlay-type":"","overlay-color":"","overlay-opacity":"","overlay-gradient":""}},"footnotes":""},"class_list":["post-93","page","type-page","status-publish","hentry"],"_links":{"self":[{"href":"https:\/\/elegance-atlantique.fr\/index.php?rest_route=\/wp\/v2\/pages\/93","targetHints":{"allow":["GET"]}}],"collection":[{"href":"https:\/\/elegance-atlantique.fr\/index.php?rest_route=\/wp\/v2\/pages"}],"about":[{"href":"https:\/\/elegance-atlantique.fr\/index.php?rest_route=\/wp\/v2\/types\/page"}],"author":[{"embeddable":true,"href":"https:\/\/elegance-atlantique.fr\/index.php?rest_route=\/wp\/v2\/users\/1"}],"replies":[{"embeddable":true,"href":"https:\/\/elegance-atlantique.fr\/index.php?rest_route=%2Fwp%2Fv2%2Fcomments&post=93"}],"version-history":[{"count":15,"href":"https:\/\/elegance-atlantique.fr\/index.php?rest_route=\/wp\/v2\/pages\/93\/revisions"}],"predecessor-version":[{"id":166,"href":"https:\/\/elegance-atlantique.fr\/index.php?rest_route=\/wp\/v2\/pages\/93\/revisions\/166"}],"wp:attachment":[{"href":"https:\/\/elegance-atlantique.fr\/index.php?rest_route=%2Fwp%2Fv2%2Fmedia&parent=93"}],"curies":[{"name":"wp","href":"https:\/\/api.w.org\/{rel}","templated":true}]}}